{"id":3288,"date":"2022-04-02T12:21:13","date_gmt":"2022-04-02T10:21:13","guid":{"rendered":"https:\/\/tag-der-restaurierung.ch\/informativa-sulla-privacy\/"},"modified":"2025-10-06T08:59:16","modified_gmt":"2025-10-06T06:59:16","slug":"informativa-sulla-privacy","status":"publish","type":"page","link":"https:\/\/tag-der-restaurierung.ch\/it\/informativa-sulla-privacy\/","title":{"rendered":"Informativa sulla privacy"},"content":{"rendered":"<div class=\"et_d4_element et_pb_section et_pb_section_0  et_pb_css_mix_blend_mode et_section_regular et_block_section\" >\n\t\t\t\t\n\t\t\t\t\n\t\t\t\t\n\t\t\t\t\n\t\t\t\t\n\t\t\t\t\n\t\t\t\t<div class=\"et_d4_element et_pb_row et_pb_row_0  et_pb_css_mix_blend_mode et_block_row\">\n\t\t\t\t<div class=\"et_d4_element et_pb_column_4_4 et_pb_column et_pb_column_0  et_pb_css_mix_blend_mode et-last-child et_block_column\">\n\t\t\t\t\n\t\t\t\t\n\t\t\t\t\n\t\t\t\t\n\t\t\t\t<div class=\"et_pb_module et_d4_element et_pb_text et_pb_text_0  et_pb_text_align_left et_pb_bg_layout_light\">\n\t\t\t\t\n\t\t\t\t\n\t\t\t\t\n\t\t\t\t\n\t\t\t\t<div class=\"et_pb_text_inner\"><h1>Informazioni legali<\/h1>\n<p>Le informazioni legali e le informazioni e opinioni contenute nel sito web www.tag-der-restaurierung.ch sono soggette a modifiche in qualsiasi momento e senza preavviso.<\/p>\n<p>Per domande sulla protezione dei dati, consulta la seguente <a href=\"https:\/\/tag-der-restaurierung.ch\/it\/informativa-sulla-privacy\/#Data\">informativa sulla privacy<\/a>.<\/p>\n<p>&nbsp;<\/p>\n<h3>1. Copyright<\/h3>\n<p>L'intero contenuto del sito web www.tag-der-restaurierung.ch \u00e8 protetto da copyright (tutti i diritti riservati). L'uso di questi contenuti \u00e8 consentito solo a scopo informativo. \u00c8 pertanto vietata la riproduzione (in formato elettronico, scritto o in qualsiasi altra forma) o qualsiasi altro utilizzo dei contenuti pubblicati sul sito web www.tag-der-restaurierung.ch, compresi i loghi, senza l'esplicito consenso degli autori di questo sito web o dei relativi titolari dei diritti, in particolare per scopi pubblici o commerciali.  <\/p>\n<p>La citazione di documenti e siti web \u00e8 espressamente consentita, a condizione che la fonte sia citata correttamente. \u00c8 inoltre consentito inserire link al sito web www.tag-der-restaurierung.ch. <\/p>\n<h3>2. Dati senza garanzia<\/h3>\n<p>Gli autori di questo sito web prestano la massima attenzione quando aggiornano le informazioni sul loro sito. Su questo sito web sono presenti contributi non verificati di terze parti. Nel caso in cui i singoli contributi violino i diritti di terzi o contengano contenuti illegali per altri motivi, il rispettivo autore \u00e8 responsabile del reato legale. Le informazioni e le opinioni diffuse sul sito web sono soggette a modifiche in qualsiasi momento e senza preavviso.   <\/p>\n<h3>3. Nessuna garanzia<\/h3>\n<p>Gli autori di questo sito web non si assumono alcuna responsabilit\u00e0 e non danno alcuna garanzia che le funzioni del sito web non siano interrotte o prive di errori, che gli errori vengano corretti o che il sito web e il relativo server siano privi di virus o componenti dannosi.<\/p>\n<h3>4. Esclusione di responsabilit\u00e0<\/h3>\n<p>Ogni responsabilit\u00e0 degli autori di questo sito web (inclusa la negligenza) per danni o danni conseguenti derivanti dall'accesso agli elementi del sito web www.tag-der-restaurierung.ch o dall'utilizzo degli stessi (o dall'impossibilit\u00e0 di accesso o utilizzo) \u00e8 esclusa nella misura massima consentita dalla legge.<\/p>\n<h3>5. Link ad altri siti web<\/h3>\n<p>Se clicchi su un link sottolineato, potresti lasciare il sito web www.tag-der-restaurierung.ch. Gli autori non si assumono alcuna responsabilit\u00e0 per i contenuti, i prodotti, i servizi o gli oggetti offerti nelle pagine accessibili tramite i link. Gli operatori dei siti web corrispondenti sono gli unici responsabili delle informazioni collegate.  <\/p>\n<h3>6. Protezione dei dati personali<\/h3>\n<p>Nella raccolta e nell'elaborazione dei dati personali, gli autori rispettano la legislazione vigente in materia di protezione dei dati.<\/p>\n<p>&nbsp;<\/p>\n<p>&nbsp;<\/p>\n<h1 id=\"Data\">Informativa sulla privacy<\/h1>\n<p>Accedendo al sito web www.tag-der-restaurierung.ch, l'utente accetta la presente informativa sulla privacy e acconsente alle funzioni ivi descritte.<\/p>\n<h3>1. Ambito di applicazione<\/h3>\n<p>La protezione dei dati personali \u00e8 importante per noi. Rispettiamo la legge sulla protezione dei dati del Cantone di Berna (KDSG) e, ove applicabile, la legge federale svizzera sulla protezione dei dati (DSG) e il regolamento generale europeo sulla protezione dei dati (GDPR). <\/p>\n<p>Le seguenti informazioni si applicano esclusivamente all'uso del seguente sito web: www.tag-der-restaurierung.ch. Si applica anche al trattamento dei dati personali da parte degli autori in relazione ai visitatori del sito web e alle persone o aziende che si registrano sul sito web www.tag-der-restaurierung.ch.<br \/>Non si assume alcuna responsabilit\u00e0 per il rispetto delle disposizioni in materia di protezione dei dati da parte di siti web di terze parti a cui il sito web www.tag-der-restaurierung.ch rimanda e che sono collegati. Gli autori non si assumono alcuna responsabilit\u00e0 per i contenuti collegati.  <\/p>\n<h3>2. Persone di contatto<\/h3>\n<p>Il titolare del trattamento dei dati \u00e8 l\u2019Associazione Svizzera per la Conservazione e il Restauro (SKR), <span>runngasse 60, <\/span><span>3000 Bern 8 (di seguito denominati \u201cautori\u201d).<\/span><\/p>\n<h3>3. Trattamento dei dati personali; natura, finalit\u00e0 e utilizzo degli stessi<\/h3>\n<h4>3.1 Quando si visita il sito web<\/h4>\n<p>Quando accedi al sito web di cui sopra, le informazioni vengono temporaneamente memorizzate nei file di log dei sistemi server. Si tratta di informazioni inviate automaticamente dal browser del tuo dispositivo finale. In particolare:  <\/p>\n<ul>\n<li>Indirizzo IP anonimo del dispositivo di contatto<\/li>\n<li>Data e ora della richiesta del server<\/li>\n<li>Paese di origine<\/li>\n<li>URL della pagina richiesta<\/li>\n<li>URL di riferimento<\/li>\n<li>Sistema operativo utilizzato<\/li>\n<li>Tipo di browser \/ versione del browser<\/li>\n<\/ul>\n<p>Queste informazioni sono raccolte in forma anonima e non consentono di trarre conclusioni sulla tua persona. Utilizziamo i dati per stabilire una connessione al sito web, per analizzare l'utilizzo e ottimizzare il nostro sito web, per la sicurezza e la stabilit\u00e0 del sistema, per scopi statistici e per il sito web per rispondere ed elaborare le richieste di informazioni e per scopi di reclutamento. <\/p>\n<p>La base giuridica del trattamento dei dati si basa sul KDSG e sulle relative disposizioni di legge. Siamo interessati a garantire che il nostro sito web sia progettato e costantemente aggiornato per soddisfare le esigenze dei nostri clienti e visitatori e che l'utilizzo del nostro sito web sia registrato e valutato statisticamente al fine di ottimizzare i nostri servizi. <\/p>\n<h4>3.2 Comunicazione via e-mail<\/h4>\n<p>Se ci contatti via e-mail, utilizzeremo i dati di contatto che ci hai fornito volontariamente, come il tuo nome e l'indirizzo e-mail, per rispondere alla tua richiesta. Ti ricordiamo che lo scambio di dati via e-mail non \u00e8 sicuro. Consigliamo la trasmissione criptata, soprattutto per le informazioni riservate, i dati personali sensibili o le categorie speciali di dati personali. Ti chiediamo pertanto di informarci espressamente se desideri comunicare con noi in forma criptata.<br \/>Questo trattamento viene effettuato al fine di poter comunicare con te.   <\/p>\n<h4>3.3 Moduli di ingresso<\/h4>\n<p>Il sito web www.tag-der-restaurierung.ch contiene vari moduli di inserimento (moduli di contatto, moduli di registrazione per iscriversi come organizzatore, ecc.) con i quali puoi fornirci volontariamente i tuoi dati personali. I dati personali raccolti possono essere visualizzati nei rispettivi moduli di inserimento. Questi dati vengono memorizzati sul server web.<br \/>Quando utilizzi i moduli di inserimento, viene utilizzata una connessione sicura con crittografia TLS. La crittografia TLS garantisce la trasmissione riservata dei dati.   <\/p>\n<h3>4. Biscotti<\/h3>\n<p>Sul nostro sito web utilizziamo i cookie (cookie di sessione e cookie permanenti). Si tratta di piccoli file che il tuo browser crea automaticamente e che vengono memorizzati sul tuo dispositivo finale (laptop, tablet, smartphone, ecc.) quando visiti il nostro sito web. Un cookie non significa sempre che possiamo identificarti.  <\/p>\n<p>L'uso dei cookie di sessione serve, da un lato, a registrare la frequenza di utilizzo, il numero di utenti e il comportamento sul nostro sito web e, dall'altro, ad aumentare la sicurezza dell'utilizzo del sito web e a rendere la nostra offerta di informazioni pi\u00f9 facile da usare. Non appena lasci il sito web, questi cookie vengono automaticamente cancellati.<br \/>Inoltre, per ottimizzare la facilit\u00e0 d'uso, utilizziamo anche cookie permanenti che vengono memorizzati sul tuo dispositivo finale per un determinato periodo di tempo. Se visiti nuovamente il nostro sito web per utilizzare i nostri servizi, il sito riconoscer\u00e0 automaticamente che ci hai gi\u00e0 visitato e quali inserimenti e impostazioni hai effettuato, in modo che tu non debba inserirli nuovamente.<br \/>Continuando a utilizzare il nostro sito web o accettando la presente informativa sulla privacy, acconsenti all'impostazione dei cookie e alla raccolta, all'archiviazione e all'utilizzo dei dati personali dell'utente anche al termine della sessione del browser. Puoi revocare questo consenso in qualsiasi momento attivando l'impostazione predefinita del browser per rifiutare i cookie di terze parti.<br \/>I dati elaborati dai cookie sono necessari per le finalit\u00e0 sopra indicate al fine di proteggere i nostri interessi legittimi e gli interessi di terzi. I cookie sono utilizzati per rendere il nostro sito web pi\u00f9 attraente, efficace, sicuro e facile da usare.<br \/>La maggior parte dei browser Internet \u00e8 impostata per accettare automaticamente i cookie. Se non vuoi che il nostro sito web memorizzi i cookie sul tuo dispositivo, puoi impostare il tuo browser in modo da ricevere un avviso prima che alcuni cookie vengano memorizzati. Puoi anche regolare le impostazioni in modo che il tuo browser rifiuti la maggior parte dei nostri cookie o che ne rifiuti solo alcuni o li disattivi completamente. Puoi anche revocare il tuo consenso ai cookie cancellando quelli gi\u00e0 salvati. Consulta le istruzioni dell'operatore del motore di ricerca:        <\/p>\n<ul>\n<li><a href=\"https:\/\/support.microsoft.com\/en-us\/topic\/how-to-delete-cookie-files-in-internet-explorer-bca9446f-d873-78de-77ba-d42645fa52fc\" target=\"_blank\" rel=\"noopener\">Internet Explorer<\/a><\/li>\n<li><a href=\"https:\/\/support.mozilla.org\/de\/kb\/cookies-und-website-daten-in-firefox-loschen\" target=\"_blank\" rel=\"noopener\">Mozilla Firefox<\/a><\/li>\n<li><a href=\"https:\/\/support.google.com\/chrome\/answer\/95647?co=GENIE.Platform%3DDesktop&amp;hl=de\" target=\"_blank\" rel=\"noopener\">Google Chrome<\/a><\/li>\n<li><a href=\"https:\/\/support.apple.com\/de-ch\/guide\/safari\/sfri11471\/mac\" target=\"_blank\" rel=\"noopener\">Safari<\/a><\/li>\n<li><a href=\"https:\/\/help.opera.com\/de\/latest\/web-preferences\/\" target=\"_blank\" rel=\"noopener\">Opera<\/a><\/li>\n<\/ul>\n<p>Ti ricordiamo che alcune funzioni del sito web potrebbero non essere pi\u00f9 disponibili se limiti o disattivi i cookie. La disattivazione completa dei cookie pu\u00f2 comportare l'impossibilit\u00e0 di utilizzare tutte le funzioni del nostro sito web. <\/p>\n<h3>5. Analisi del web<\/h3>\n<h4>5.1 Google Analytics<\/h4>\n<p>Gli autori utilizzano le funzioni del servizio di analisi web Google Analytics del fornitore Google LLC, 1600 Amphitheatre Parkway Mountain View, CA 94043, USA, per migliorare il proprio sito web e l'esperienza dell'utente, nonch\u00e9 per le analisi statistiche degli accessi dei visitatori al proprio sito web. Google Analytics utilizza dei cookie che vengono memorizzati sul tuo dispositivo finale e che consentono di analizzare il tuo utilizzo di questo sito web. Sul nostro sito web utilizziamo la funzione \"Attivazione dell'anonimizzazione IP\". Solo in casi eccezionali l'indirizzo IP completo verr\u00e0 trasmesso a un server di Google negli Stati Uniti e l\u00ec troncato.<br \/>Google utilizzer\u00e0 queste informazioni per nostro conto per analizzare l'utilizzo di questo sito web da parte dell'utente, per compilare report sulle attivit\u00e0 del sito web e per fornire altri servizi relativi alle attivit\u00e0 del sito web e all'utilizzo di internet in relazione alla Giornata Europea del Restauro. Secondo quanto dichiarato da Google, in nessun caso l'indirizzo IP trasmesso verr\u00e0 unito ad altri dati di Google.<br \/>Puoi impedire a Google di raccogliere i dati generati dai cookie e relativi al tuo utilizzo del sito web e di elaborarli da parte di Google scaricando e installando il plug-in per il browser disponibile all'indirizzo https:\/\/tools.google.com\/dlpage\/gaoptout?hl=de. Tuttavia, ci\u00f2 potrebbe limitare la funzionalit\u00e0 del sito web www.tag-der-restaurierung.ch.     <\/p>\n<p><a href=\"https:\/\/marketingplatform.google.com\/about\/analytics\/terms\/de\/\" target=\"_blank\" rel=\"noopener\">Puoi trovare informazioni sulle condizioni di utilizzo di Google Analytics qui.<\/a><\/p>\n<p>\u00c8 nostro interesse che i nostri siti web siano progettati e costantemente aggiornati per soddisfare le esigenze dei nostri clienti e visitatori e che l'uso del nostro sito web sia registrato e valutato statisticamente al fine di ottimizzare i nostri servizi.<\/p>\n<h3>6. Plugin<\/h3>\n<p>Gli autori utilizzano il seguente plugin sul loro sito web:<\/p>\n<h4>6.1 Google maps<\/h4>\n<p>L'API di Google Maps viene utilizzata sul sito web www.tag-der-restaurierung.ch per visualizzare le informazioni geografiche. Quando viene utilizzato Google Maps, Google raccoglie, elabora e utilizza anche i dati relativi all'utilizzo delle funzioni delle mappe da parte degli utenti. La collaborazione con Google LLC in termini di legge sulla protezione dei dati si basa su un accordo di controllo congiunto, disponibile all'indirizzo https:\/\/privacy.google.com\/intl\/de\/businesses\/mapscontrollerterms\/<br \/>. Puoi trovare ulteriori informazioni sul trattamento dei dati da parte di Google qui.  <br \/><a href=\"https:\/\/policies.google.com\/privacy?hl=de\" target=\"_blank\" rel=\"noopener\">https:\/\/policies.google.com\/privacy?hl=de<\/a><\/p>\n<h3>7. Divulgazione dei dati a terzi<\/h3>\n<p>I tuoi dati personali non saranno trasferiti a terzi per scopi diversi da quelli elencati nel contesto dell'elaborazione dei dati personali quando visiti il nostro sito web.<\/p>\n<p>I tuoi dati personali saranno condivisi con le seguenti categorie di terzi:<\/p>\n<ul>\n<li>Operatore del motore di ricerca<\/li>\n<li>Strumenti di analisi<\/li>\n<li>Produttore o fornitore (sviluppatore\/operatore del sito web per il supporto)<\/li>\n<\/ul>\n<p>I tuoi dati e le tue informazioni saranno utilizzati e, se necessario, trasmessi per fornirti un'assistenza ottimale ed efficiente, per rispondere alle tue domande in modo soddisfacente e per poterti fornire i servizi offerti nel miglior modo possibile. Questo ci aiuta anche a ottimizzare costantemente i nostri servizi e la nostra assistenza. <\/p>\n<h3>8. Sicurezza dei dati<\/h3>\n<p>Disponiamo di procedure di sicurezza tecniche e organizzative per proteggere la sicurezza dei tuoi dati personali e per proteggere i tuoi dati di sessione e i tuoi dati personali da trattamenti non autorizzati o illegali e\/o da perdite, alterazioni, divulgazioni o accessi accidentali.<\/p>\n<p>Tuttavia, devi sempre essere consapevole che la trasmissione di informazioni tramite Internet e altri mezzi elettronici comporta alcuni rischi per la sicurezza e che non possiamo garantire la sicurezza delle informazioni trasmesse in questo modo.<\/p>\n<p>I tuoi dati personali in relazione al nostro sito web ci vengono trasmessi da questo sito web utilizzando la crittografia TLS. Utilizziamo misure tecniche e organizzative per proteggere il nostro sito web da accessi non autorizzati. <\/p>\n<h3>9. Periodo di conservazione<\/h3>\n<p>Conserveremo i tuoi dati personali per tutto il tempo che riterremo necessario o opportuno per ottemperare alle leggi applicabili o per tutto il tempo che sar\u00e0 necessario per gli scopi per cui sono stati raccolti. Cancelleremo i tuoi dati personali non appena non saranno pi\u00f9 necessari e, in ogni caso, dopo la scadenza del periodo massimo di conservazione previsto dalla legge di cinque o dieci anni. I dati che non sono pi\u00f9 necessari e per i quali non sussiste alcun obbligo legale di conservazione saranno cancellati una volta che lo scopo e la giustificazione non saranno pi\u00f9 validi.  <\/p>\n<h3>10. Attualit\u00e0 e adattamento della dichiarazione sulla protezione dei dati personali<\/h3>\n<p>Gli autori si riservano il diritto di aggiornare le informazioni sulla protezione dei dati in qualsiasi momento e senza preavviso o di adattarle a nuovi metodi di trattamento. L'attuale informativa sulla privacy pu\u00f2 essere consultata in qualsiasi momento sul sito web summenzionato. <\/p><\/div>\n\t\t\t<\/div>\n\t\t\t<\/div>\n\t\t\t\t\n\t\t\t\t\n\t\t\t\t\n\t\t\t\t\n\t\t\t<\/div>\n\t\t\t\t\n\t\t\t\t\n\t\t\t<\/div>\n","protected":false},"excerpt":{"rendered":"","protected":false},"author":1,"featured_media":0,"parent":0,"menu_order":0,"comment_status":"closed","ping_status":"closed","template":"","meta":{"_et_pb_use_builder":"on","_et_pb_old_content":"","_et_gb_content_width":"","footnotes":""},"class_list":["post-3288","page","type-page","status-publish","hentry"],"yoast_head":"<!-- This site is optimized with the Yoast SEO plugin v27.3 - https:\/\/yoast.com\/product\/yoast-seo-wordpress\/ -->\n<title>Informativa sulla privacy - Europ\u00e4ischer Tag der Restaurierung \/ Journ\u00e9e europ\u00e9enne de la conservation-restauration \/ Giornata Europea del Restauro<\/title>\n<meta name=\"robots\" content=\"index, follow, max-snippet:-1, max-image-preview:large, max-video-preview:-1\" \/>\n<link rel=\"canonical\" href=\"https:\/\/tag-der-restaurierung.ch\/it\/informativa-sulla-privacy\/\" \/>\n<meta property=\"og:locale\" content=\"it_IT\" \/>\n<meta property=\"og:type\" content=\"article\" \/>\n<meta property=\"og:title\" content=\"Informativa sulla privacy - Europ\u00e4ischer Tag der Restaurierung \/ Journ\u00e9e europ\u00e9enne de la conservation-restauration \/ Giornata Europea del Restauro\" \/>\n<meta property=\"og:url\" content=\"https:\/\/tag-der-restaurierung.ch\/it\/informativa-sulla-privacy\/\" \/>\n<meta property=\"og:site_name\" content=\"Europ\u00e4ischer Tag der Restaurierung \/ Journ\u00e9e europ\u00e9enne de la conservation-restauration \/ Giornata Europea del Restauro\" \/>\n<meta property=\"article:publisher\" content=\"https:\/\/www.facebook.com\/tag.der.restaurierung.ch\" \/>\n<meta property=\"article:modified_time\" content=\"2025-10-06T06:59:16+00:00\" \/>\n<meta property=\"og:image\" content=\"https:\/\/tag-der-restaurierung.ch\/wp-content\/uploads\/2025\/02\/TDR_Logo_RGB_3SPRACHIG-1000px.png\" \/>\n\t<meta property=\"og:image:width\" content=\"1000\" \/>\n\t<meta property=\"og:image:height\" content=\"220\" \/>\n\t<meta property=\"og:image:type\" content=\"image\/png\" \/>\n<meta name=\"twitter:card\" content=\"summary_large_image\" \/>\n<meta name=\"twitter:label1\" content=\"Tempo di lettura stimato\" \/>\n\t<meta name=\"twitter:data1\" content=\"13 minuti\" \/>\n<script type=\"application\/ld+json\" class=\"yoast-schema-graph\">{\"@context\":\"https:\\\/\\\/schema.org\",\"@graph\":[{\"@type\":\"WebPage\",\"@id\":\"https:\\\/\\\/tag-der-restaurierung.ch\\\/it\\\/informativa-sulla-privacy\\\/\",\"url\":\"https:\\\/\\\/tag-der-restaurierung.ch\\\/it\\\/informativa-sulla-privacy\\\/\",\"name\":\"Informativa sulla privacy - Europ\u00e4ischer Tag der Restaurierung \\\/ Journ\u00e9e europ\u00e9enne de la conservation-restauration \\\/ Giornata Europea del Restauro\",\"isPartOf\":{\"@id\":\"https:\\\/\\\/tag-der-restaurierung.ch\\\/it\\\/#website\"},\"datePublished\":\"2022-04-02T10:21:13+00:00\",\"dateModified\":\"2025-10-06T06:59:16+00:00\",\"breadcrumb\":{\"@id\":\"https:\\\/\\\/tag-der-restaurierung.ch\\\/it\\\/informativa-sulla-privacy\\\/#breadcrumb\"},\"inLanguage\":\"it-IT\",\"potentialAction\":[{\"@type\":\"ReadAction\",\"target\":[\"https:\\\/\\\/tag-der-restaurierung.ch\\\/it\\\/informativa-sulla-privacy\\\/\"]}]},{\"@type\":\"BreadcrumbList\",\"@id\":\"https:\\\/\\\/tag-der-restaurierung.ch\\\/it\\\/informativa-sulla-privacy\\\/#breadcrumb\",\"itemListElement\":[{\"@type\":\"ListItem\",\"position\":1,\"name\":\"Startseite\",\"item\":\"https:\\\/\\\/tag-der-restaurierung.ch\\\/it\\\/home\\\/\"},{\"@type\":\"ListItem\",\"position\":2,\"name\":\"Informativa sulla privacy\"}]},{\"@type\":\"WebSite\",\"@id\":\"https:\\\/\\\/tag-der-restaurierung.ch\\\/it\\\/#website\",\"url\":\"https:\\\/\\\/tag-der-restaurierung.ch\\\/it\\\/\",\"name\":\"Europ\u00e4ischer Tag der Restaurierung \\\/ Journ\u00e9e europ\u00e9enne de la conservation-restauration \\\/ Giornata Europea del Restauro\",\"description\":\"am 18. Oktober 2026 in der Schweiz\",\"publisher\":{\"@id\":\"https:\\\/\\\/tag-der-restaurierung.ch\\\/it\\\/#organization\"},\"potentialAction\":[{\"@type\":\"SearchAction\",\"target\":{\"@type\":\"EntryPoint\",\"urlTemplate\":\"https:\\\/\\\/tag-der-restaurierung.ch\\\/it\\\/?s={search_term_string}\"},\"query-input\":{\"@type\":\"PropertyValueSpecification\",\"valueRequired\":true,\"valueName\":\"search_term_string\"}}],\"inLanguage\":\"it-IT\"},{\"@type\":\"Organization\",\"@id\":\"https:\\\/\\\/tag-der-restaurierung.ch\\\/it\\\/#organization\",\"name\":\"Schweizer Verband f\u00fcr Konservierung und Restaurierung\",\"url\":\"https:\\\/\\\/tag-der-restaurierung.ch\\\/it\\\/\",\"logo\":{\"@type\":\"ImageObject\",\"inLanguage\":\"it-IT\",\"@id\":\"https:\\\/\\\/tag-der-restaurierung.ch\\\/it\\\/#\\\/schema\\\/logo\\\/image\\\/\",\"url\":\"https:\\\/\\\/tag-der-restaurierung.ch\\\/wp-content\\\/uploads\\\/2022\\\/06\\\/SKR-Logo-footer.png\",\"contentUrl\":\"https:\\\/\\\/tag-der-restaurierung.ch\\\/wp-content\\\/uploads\\\/2022\\\/06\\\/SKR-Logo-footer.png\",\"width\":200,\"height\":78,\"caption\":\"Schweizer Verband f\u00fcr Konservierung und Restaurierung\"},\"image\":{\"@id\":\"https:\\\/\\\/tag-der-restaurierung.ch\\\/it\\\/#\\\/schema\\\/logo\\\/image\\\/\"},\"sameAs\":[\"https:\\\/\\\/www.facebook.com\\\/tag.der.restaurierung.ch\"]}]}<\/script>\n<!-- \/ Yoast SEO plugin. -->","yoast_head_json":{"title":"Informativa sulla privacy - Europ\u00e4ischer Tag der Restaurierung \/ Journ\u00e9e europ\u00e9enne de la conservation-restauration \/ Giornata Europea del Restauro","robots":{"index":"index","follow":"follow","max-snippet":"max-snippet:-1","max-image-preview":"max-image-preview:large","max-video-preview":"max-video-preview:-1"},"canonical":"https:\/\/tag-der-restaurierung.ch\/it\/informativa-sulla-privacy\/","og_locale":"it_IT","og_type":"article","og_title":"Informativa sulla privacy - Europ\u00e4ischer Tag der Restaurierung \/ Journ\u00e9e europ\u00e9enne de la conservation-restauration \/ Giornata Europea del Restauro","og_url":"https:\/\/tag-der-restaurierung.ch\/it\/informativa-sulla-privacy\/","og_site_name":"Europ\u00e4ischer Tag der Restaurierung \/ Journ\u00e9e europ\u00e9enne de la conservation-restauration \/ Giornata Europea del Restauro","article_publisher":"https:\/\/www.facebook.com\/tag.der.restaurierung.ch","article_modified_time":"2025-10-06T06:59:16+00:00","og_image":[{"width":1000,"height":220,"url":"https:\/\/tag-der-restaurierung.ch\/wp-content\/uploads\/2025\/02\/TDR_Logo_RGB_3SPRACHIG-1000px.png","type":"image\/png"}],"twitter_card":"summary_large_image","twitter_misc":{"Tempo di lettura stimato":"13 minuti"},"schema":{"@context":"https:\/\/schema.org","@graph":[{"@type":"WebPage","@id":"https:\/\/tag-der-restaurierung.ch\/it\/informativa-sulla-privacy\/","url":"https:\/\/tag-der-restaurierung.ch\/it\/informativa-sulla-privacy\/","name":"Informativa sulla privacy - Europ\u00e4ischer Tag der Restaurierung \/ Journ\u00e9e europ\u00e9enne de la conservation-restauration \/ Giornata Europea del Restauro","isPartOf":{"@id":"https:\/\/tag-der-restaurierung.ch\/it\/#website"},"datePublished":"2022-04-02T10:21:13+00:00","dateModified":"2025-10-06T06:59:16+00:00","breadcrumb":{"@id":"https:\/\/tag-der-restaurierung.ch\/it\/informativa-sulla-privacy\/#breadcrumb"},"inLanguage":"it-IT","potentialAction":[{"@type":"ReadAction","target":["https:\/\/tag-der-restaurierung.ch\/it\/informativa-sulla-privacy\/"]}]},{"@type":"BreadcrumbList","@id":"https:\/\/tag-der-restaurierung.ch\/it\/informativa-sulla-privacy\/#breadcrumb","itemListElement":[{"@type":"ListItem","position":1,"name":"Startseite","item":"https:\/\/tag-der-restaurierung.ch\/it\/home\/"},{"@type":"ListItem","position":2,"name":"Informativa sulla privacy"}]},{"@type":"WebSite","@id":"https:\/\/tag-der-restaurierung.ch\/it\/#website","url":"https:\/\/tag-der-restaurierung.ch\/it\/","name":"Europ\u00e4ischer Tag der Restaurierung \/ Journ\u00e9e europ\u00e9enne de la conservation-restauration \/ Giornata Europea del Restauro","description":"am 18. Oktober 2026 in der Schweiz","publisher":{"@id":"https:\/\/tag-der-restaurierung.ch\/it\/#organization"},"potentialAction":[{"@type":"SearchAction","target":{"@type":"EntryPoint","urlTemplate":"https:\/\/tag-der-restaurierung.ch\/it\/?s={search_term_string}"},"query-input":{"@type":"PropertyValueSpecification","valueRequired":true,"valueName":"search_term_string"}}],"inLanguage":"it-IT"},{"@type":"Organization","@id":"https:\/\/tag-der-restaurierung.ch\/it\/#organization","name":"Schweizer Verband f\u00fcr Konservierung und Restaurierung","url":"https:\/\/tag-der-restaurierung.ch\/it\/","logo":{"@type":"ImageObject","inLanguage":"it-IT","@id":"https:\/\/tag-der-restaurierung.ch\/it\/#\/schema\/logo\/image\/","url":"https:\/\/tag-der-restaurierung.ch\/wp-content\/uploads\/2022\/06\/SKR-Logo-footer.png","contentUrl":"https:\/\/tag-der-restaurierung.ch\/wp-content\/uploads\/2022\/06\/SKR-Logo-footer.png","width":200,"height":78,"caption":"Schweizer Verband f\u00fcr Konservierung und Restaurierung"},"image":{"@id":"https:\/\/tag-der-restaurierung.ch\/it\/#\/schema\/logo\/image\/"},"sameAs":["https:\/\/www.facebook.com\/tag.der.restaurierung.ch"]}]}},"_links":{"self":[{"href":"https:\/\/tag-der-restaurierung.ch\/it\/wp-json\/wp\/v2\/pages\/3288","targetHints":{"allow":["GET"]}}],"collection":[{"href":"https:\/\/tag-der-restaurierung.ch\/it\/wp-json\/wp\/v2\/pages"}],"about":[{"href":"https:\/\/tag-der-restaurierung.ch\/it\/wp-json\/wp\/v2\/types\/page"}],"author":[{"embeddable":true,"href":"https:\/\/tag-der-restaurierung.ch\/it\/wp-json\/wp\/v2\/users\/1"}],"replies":[{"embeddable":true,"href":"https:\/\/tag-der-restaurierung.ch\/it\/wp-json\/wp\/v2\/comments?post=3288"}],"version-history":[{"count":0,"href":"https:\/\/tag-der-restaurierung.ch\/it\/wp-json\/wp\/v2\/pages\/3288\/revisions"}],"wp:attachment":[{"href":"https:\/\/tag-der-restaurierung.ch\/it\/wp-json\/wp\/v2\/media?parent=3288"}],"curies":[{"name":"wp","href":"https:\/\/api.w.org\/{rel}","templated":true}]}}