{"id":1178,"date":"2022-06-23T15:40:53","date_gmt":"2022-06-23T13:40:53","guid":{"rendered":"https:\/\/tag-der-restaurierung.ch\/impressum\/"},"modified":"2025-10-16T17:06:35","modified_gmt":"2025-10-16T15:06:35","slug":"impressum","status":"publish","type":"page","link":"https:\/\/tag-der-restaurierung.ch\/it\/impressum\/","title":{"rendered":"Impressum"},"content":{"rendered":"<div class=\"et_d4_element et_pb_section et_pb_section_0  et_pb_css_mix_blend_mode et_section_regular et_block_section\" >\n\t\t\t\t\n\t\t\t\t\n\t\t\t\t\n\t\t\t\t\n\t\t\t\t\n\t\t\t\t\n\t\t\t\t<div class=\"et_d4_element et_pb_row et_pb_row_0  et_pb_css_mix_blend_mode et_block_row\">\n\t\t\t\t<div class=\"et_d4_element et_pb_column_4_4 et_pb_column et_pb_column_0  et_pb_css_mix_blend_mode et-last-child et_block_column\">\n\t\t\t\t\n\t\t\t\t\n\t\t\t\t\n\t\t\t\t\n\t\t\t\t<div class=\"et_pb_module et_d4_element et_pb_text et_pb_text_0  et_pb_text_align_left et_pb_bg_layout_light\">\n\t\t\t\t\n\t\t\t\t\n\t\t\t\t\n\t\t\t\t\n\t\t\t\t<div class=\"et_pb_text_inner\"><h3><strong>Dettagli di contatto:<\/strong><\/h3>\n<p>&nbsp;<\/p>\n<h3>Editing e design<\/h3>\n<p>Il sito www.tag-der-restaurierung.ch \u00e8 fornito da:<\/p>\n<p><strong>Associazione Svizzera per la Conservazione e il Restauro (SKR)<br \/><\/strong>Brunngasse 60<br \/>P.O. Box<br \/>3000 Bern 8<strong><br \/><\/strong><\/p>\n<p><a href=\"mailto:info@skr.ch\">info@skr.ch<\/a><\/p>\n<p><a href=\"https:\/\/www.restaurierung.swiss\/de\/\" target=\"_blank\" rel=\"noopener\">www.restaurierung.swiss<\/a><\/p>\n<p>&nbsp;<\/p>\n<p>Siamo lieti di ricevere richieste di correzione, domande e suggerimenti relativi a questo sito web. Inviali via e-mail a info@tag-der-restaurierung.ch. <\/p>\n<p>&nbsp;<\/p>\n<p><strong>Webhosting<\/strong><br \/>Questo sito \u00e8 stato creato con <a rel=\"noreferrer noopener\" href=\"https:\/\/wordpress.org\/\" target=\"_blank\">WordPress<\/a>.<\/p>\n<p>Hosting web: <a href=\"https:\/\/www.novatrend.ch\/de\/\" target=\"_blank\" rel=\"noopener\">Novatrend<\/a><\/p>\n<p>&nbsp;<\/p>\n<h3>Esclusione di responsabilit\u00e0<\/h3>\n<p>Gli autori non si assumono alcuna responsabilit\u00e0 in merito alla correttezza, all'accuratezza, all'aggiornamento, all'affidabilit\u00e0 e alla completezza delle informazioni. Sono escluse le richieste di responsabilit\u00e0 nei confronti dell'autore per danni di natura materiale o immateriale derivanti dall'accesso, dall'uso o dal mancato uso delle informazioni pubblicate, dall'uso improprio della connessione o da guasti tecnici. Tutte le offerte non sono vincolanti. Gli autori si riservano espressamente il diritto di modificare, integrare o cancellare parti delle pagine o l'intera offerta senza preavviso o di interrompere temporaneamente o definitivamente la pubblicazione.   <\/p>\n<p>I riferimenti e i link a siti web di terzi non rientrano nella nostra sfera di responsabilit\u00e0. Si declina ogni responsabilit\u00e0 per tali siti web. L'accesso e l'utilizzo di tali siti web \u00e8 a rischio dell'utente.  <\/p>\n<h3>Diritti d'autore<\/h3>\n<p>L'intero contenuto di questo sito web \u00e8 protetto da copyright (tutti i diritti riservati). Il copyright e tutti gli altri diritti su contenuti, immagini, foto, grafici, video o altri file presenti sul sito appartengono esclusivamente agli autori o ai titolari dei diritti specificatamente indicati. Per la riproduzione di qualsiasi elemento \u00e8 necessario ottenere preventivamente il consenso scritto del titolare del copyright.  <\/p>\n<h3>Protezione dei dati<\/h3>\n<p>In base all'articolo 13 della Costituzione federale svizzera e alle disposizioni sulla protezione dei dati della Confederazione svizzera (legge sulla protezione dei dati, DSG), ogni persona ha diritto alla tutela della propria privacy e alla protezione dall'uso improprio dei propri dati personali. Ci atteniamo a queste disposizioni. I dati personali sono trattati in modo strettamente confidenziale e non vengono venduti o ceduti a terzi. In stretta collaborazione con i nostri fornitori di hosting, cerchiamo di proteggere al meglio i database da accessi non autorizzati, perdita, uso improprio o falsificazione. Quando accedi al nostro sito web, i seguenti dati vengono memorizzati nei file di log: Indirizzo IP, data, ora, richiesta del browser e dati generali. ha trasmesso informazioni sul sistema operativo. Browser. Questi dati di utilizzo costituiscono la base per analisi statistiche e anonime, in modo da identificare le tendenze che possiamo utilizzare per migliorare le nostre offerte.       <\/p>\n<p>&nbsp;<\/p>\n<p>Informazioni pi\u00f9 dettagliate sono riportate nella nostra i<a href=\"https:\/\/tag-der-restaurierung.ch\/it\/informativa-sulla-privacy\/#Data\">nformativa sulla privacy<\/a>.<\/p><\/div>\n\t\t\t<\/div>\n\t\t\t<\/div>\n\t\t\t\t\n\t\t\t\t\n\t\t\t\t\n\t\t\t\t\n\t\t\t<\/div>\n\t\t\t\t\n\t\t\t\t\n\t\t\t<\/div>\n","protected":false},"excerpt":{"rendered":"","protected":false},"author":1,"featured_media":0,"parent":0,"menu_order":1,"comment_status":"closed","ping_status":"closed","template":"","meta":{"_et_pb_use_builder":"on","_et_pb_old_content":"","_et_gb_content_width":"","footnotes":""},"class_list":["post-1178","page","type-page","status-publish","hentry"],"yoast_head":"<!-- This site is optimized with the Yoast SEO plugin v27.3 - https:\/\/yoast.com\/product\/yoast-seo-wordpress\/ -->\n<title>Impressum - Europ\u00e4ischer Tag der Restaurierung \/ Journ\u00e9e europ\u00e9enne de la conservation-restauration \/ Giornata Europea del Restauro<\/title>\n<meta name=\"robots\" content=\"index, follow, max-snippet:-1, max-image-preview:large, max-video-preview:-1\" \/>\n<link rel=\"canonical\" href=\"https:\/\/tag-der-restaurierung.ch\/it\/impressum\/\" \/>\n<meta property=\"og:locale\" content=\"it_IT\" \/>\n<meta property=\"og:type\" content=\"article\" \/>\n<meta property=\"og:title\" content=\"Impressum - Europ\u00e4ischer Tag der Restaurierung \/ Journ\u00e9e europ\u00e9enne de la conservation-restauration \/ Giornata Europea del Restauro\" \/>\n<meta property=\"og:url\" content=\"https:\/\/tag-der-restaurierung.ch\/it\/impressum\/\" \/>\n<meta property=\"og:site_name\" content=\"Europ\u00e4ischer Tag der Restaurierung \/ Journ\u00e9e europ\u00e9enne de la conservation-restauration \/ Giornata Europea del Restauro\" \/>\n<meta property=\"article:publisher\" content=\"https:\/\/www.facebook.com\/tag.der.restaurierung.ch\" \/>\n<meta property=\"article:modified_time\" content=\"2025-10-16T15:06:35+00:00\" \/>\n<meta property=\"og:image\" content=\"https:\/\/tag-der-restaurierung.ch\/wp-content\/uploads\/2025\/02\/TDR_Logo_RGB_3SPRACHIG-1000px.png\" \/>\n\t<meta property=\"og:image:width\" content=\"1000\" \/>\n\t<meta property=\"og:image:height\" content=\"220\" \/>\n\t<meta property=\"og:image:type\" content=\"image\/png\" \/>\n<meta name=\"twitter:card\" content=\"summary_large_image\" \/>\n<meta name=\"twitter:label1\" content=\"Tempo di lettura stimato\" \/>\n\t<meta name=\"twitter:data1\" content=\"2 minuti\" \/>\n<script type=\"application\/ld+json\" class=\"yoast-schema-graph\">{\"@context\":\"https:\\\/\\\/schema.org\",\"@graph\":[{\"@type\":\"WebPage\",\"@id\":\"https:\\\/\\\/tag-der-restaurierung.ch\\\/it\\\/impressum\\\/\",\"url\":\"https:\\\/\\\/tag-der-restaurierung.ch\\\/it\\\/impressum\\\/\",\"name\":\"Impressum - Europ\u00e4ischer Tag der Restaurierung \\\/ Journ\u00e9e europ\u00e9enne de la conservation-restauration \\\/ Giornata Europea del Restauro\",\"isPartOf\":{\"@id\":\"https:\\\/\\\/tag-der-restaurierung.ch\\\/it\\\/#website\"},\"datePublished\":\"2022-06-23T13:40:53+00:00\",\"dateModified\":\"2025-10-16T15:06:35+00:00\",\"breadcrumb\":{\"@id\":\"https:\\\/\\\/tag-der-restaurierung.ch\\\/it\\\/impressum\\\/#breadcrumb\"},\"inLanguage\":\"it-IT\",\"potentialAction\":[{\"@type\":\"ReadAction\",\"target\":[\"https:\\\/\\\/tag-der-restaurierung.ch\\\/it\\\/impressum\\\/\"]}]},{\"@type\":\"BreadcrumbList\",\"@id\":\"https:\\\/\\\/tag-der-restaurierung.ch\\\/it\\\/impressum\\\/#breadcrumb\",\"itemListElement\":[{\"@type\":\"ListItem\",\"position\":1,\"name\":\"Startseite\",\"item\":\"https:\\\/\\\/tag-der-restaurierung.ch\\\/it\\\/home\\\/\"},{\"@type\":\"ListItem\",\"position\":2,\"name\":\"Impressum\"}]},{\"@type\":\"WebSite\",\"@id\":\"https:\\\/\\\/tag-der-restaurierung.ch\\\/it\\\/#website\",\"url\":\"https:\\\/\\\/tag-der-restaurierung.ch\\\/it\\\/\",\"name\":\"Europ\u00e4ischer Tag der Restaurierung \\\/ Journ\u00e9e europ\u00e9enne de la conservation-restauration \\\/ Giornata Europea del Restauro\",\"description\":\"am 18. Oktober 2026 in der Schweiz\",\"publisher\":{\"@id\":\"https:\\\/\\\/tag-der-restaurierung.ch\\\/it\\\/#organization\"},\"potentialAction\":[{\"@type\":\"SearchAction\",\"target\":{\"@type\":\"EntryPoint\",\"urlTemplate\":\"https:\\\/\\\/tag-der-restaurierung.ch\\\/it\\\/?s={search_term_string}\"},\"query-input\":{\"@type\":\"PropertyValueSpecification\",\"valueRequired\":true,\"valueName\":\"search_term_string\"}}],\"inLanguage\":\"it-IT\"},{\"@type\":\"Organization\",\"@id\":\"https:\\\/\\\/tag-der-restaurierung.ch\\\/it\\\/#organization\",\"name\":\"Schweizer Verband f\u00fcr Konservierung und Restaurierung\",\"url\":\"https:\\\/\\\/tag-der-restaurierung.ch\\\/it\\\/\",\"logo\":{\"@type\":\"ImageObject\",\"inLanguage\":\"it-IT\",\"@id\":\"https:\\\/\\\/tag-der-restaurierung.ch\\\/it\\\/#\\\/schema\\\/logo\\\/image\\\/\",\"url\":\"https:\\\/\\\/tag-der-restaurierung.ch\\\/wp-content\\\/uploads\\\/2022\\\/06\\\/SKR-Logo-footer.png\",\"contentUrl\":\"https:\\\/\\\/tag-der-restaurierung.ch\\\/wp-content\\\/uploads\\\/2022\\\/06\\\/SKR-Logo-footer.png\",\"width\":200,\"height\":78,\"caption\":\"Schweizer Verband f\u00fcr Konservierung und Restaurierung\"},\"image\":{\"@id\":\"https:\\\/\\\/tag-der-restaurierung.ch\\\/it\\\/#\\\/schema\\\/logo\\\/image\\\/\"},\"sameAs\":[\"https:\\\/\\\/www.facebook.com\\\/tag.der.restaurierung.ch\"]}]}<\/script>\n<!-- \/ Yoast SEO plugin. -->","yoast_head_json":{"title":"Impressum - Europ\u00e4ischer Tag der Restaurierung \/ Journ\u00e9e europ\u00e9enne de la conservation-restauration \/ Giornata Europea del Restauro","robots":{"index":"index","follow":"follow","max-snippet":"max-snippet:-1","max-image-preview":"max-image-preview:large","max-video-preview":"max-video-preview:-1"},"canonical":"https:\/\/tag-der-restaurierung.ch\/it\/impressum\/","og_locale":"it_IT","og_type":"article","og_title":"Impressum - Europ\u00e4ischer Tag der Restaurierung \/ Journ\u00e9e europ\u00e9enne de la conservation-restauration \/ Giornata Europea del Restauro","og_url":"https:\/\/tag-der-restaurierung.ch\/it\/impressum\/","og_site_name":"Europ\u00e4ischer Tag der Restaurierung \/ Journ\u00e9e europ\u00e9enne de la conservation-restauration \/ Giornata Europea del Restauro","article_publisher":"https:\/\/www.facebook.com\/tag.der.restaurierung.ch","article_modified_time":"2025-10-16T15:06:35+00:00","og_image":[{"width":1000,"height":220,"url":"https:\/\/tag-der-restaurierung.ch\/wp-content\/uploads\/2025\/02\/TDR_Logo_RGB_3SPRACHIG-1000px.png","type":"image\/png"}],"twitter_card":"summary_large_image","twitter_misc":{"Tempo di lettura stimato":"2 minuti"},"schema":{"@context":"https:\/\/schema.org","@graph":[{"@type":"WebPage","@id":"https:\/\/tag-der-restaurierung.ch\/it\/impressum\/","url":"https:\/\/tag-der-restaurierung.ch\/it\/impressum\/","name":"Impressum - Europ\u00e4ischer Tag der Restaurierung \/ Journ\u00e9e europ\u00e9enne de la conservation-restauration \/ Giornata Europea del Restauro","isPartOf":{"@id":"https:\/\/tag-der-restaurierung.ch\/it\/#website"},"datePublished":"2022-06-23T13:40:53+00:00","dateModified":"2025-10-16T15:06:35+00:00","breadcrumb":{"@id":"https:\/\/tag-der-restaurierung.ch\/it\/impressum\/#breadcrumb"},"inLanguage":"it-IT","potentialAction":[{"@type":"ReadAction","target":["https:\/\/tag-der-restaurierung.ch\/it\/impressum\/"]}]},{"@type":"BreadcrumbList","@id":"https:\/\/tag-der-restaurierung.ch\/it\/impressum\/#breadcrumb","itemListElement":[{"@type":"ListItem","position":1,"name":"Startseite","item":"https:\/\/tag-der-restaurierung.ch\/it\/home\/"},{"@type":"ListItem","position":2,"name":"Impressum"}]},{"@type":"WebSite","@id":"https:\/\/tag-der-restaurierung.ch\/it\/#website","url":"https:\/\/tag-der-restaurierung.ch\/it\/","name":"Europ\u00e4ischer Tag der Restaurierung \/ Journ\u00e9e europ\u00e9enne de la conservation-restauration \/ Giornata Europea del Restauro","description":"am 18. Oktober 2026 in der Schweiz","publisher":{"@id":"https:\/\/tag-der-restaurierung.ch\/it\/#organization"},"potentialAction":[{"@type":"SearchAction","target":{"@type":"EntryPoint","urlTemplate":"https:\/\/tag-der-restaurierung.ch\/it\/?s={search_term_string}"},"query-input":{"@type":"PropertyValueSpecification","valueRequired":true,"valueName":"search_term_string"}}],"inLanguage":"it-IT"},{"@type":"Organization","@id":"https:\/\/tag-der-restaurierung.ch\/it\/#organization","name":"Schweizer Verband f\u00fcr Konservierung und Restaurierung","url":"https:\/\/tag-der-restaurierung.ch\/it\/","logo":{"@type":"ImageObject","inLanguage":"it-IT","@id":"https:\/\/tag-der-restaurierung.ch\/it\/#\/schema\/logo\/image\/","url":"https:\/\/tag-der-restaurierung.ch\/wp-content\/uploads\/2022\/06\/SKR-Logo-footer.png","contentUrl":"https:\/\/tag-der-restaurierung.ch\/wp-content\/uploads\/2022\/06\/SKR-Logo-footer.png","width":200,"height":78,"caption":"Schweizer Verband f\u00fcr Konservierung und Restaurierung"},"image":{"@id":"https:\/\/tag-der-restaurierung.ch\/it\/#\/schema\/logo\/image\/"},"sameAs":["https:\/\/www.facebook.com\/tag.der.restaurierung.ch"]}]}},"_links":{"self":[{"href":"https:\/\/tag-der-restaurierung.ch\/it\/wp-json\/wp\/v2\/pages\/1178","targetHints":{"allow":["GET"]}}],"collection":[{"href":"https:\/\/tag-der-restaurierung.ch\/it\/wp-json\/wp\/v2\/pages"}],"about":[{"href":"https:\/\/tag-der-restaurierung.ch\/it\/wp-json\/wp\/v2\/types\/page"}],"author":[{"embeddable":true,"href":"https:\/\/tag-der-restaurierung.ch\/it\/wp-json\/wp\/v2\/users\/1"}],"replies":[{"embeddable":true,"href":"https:\/\/tag-der-restaurierung.ch\/it\/wp-json\/wp\/v2\/comments?post=1178"}],"version-history":[{"count":0,"href":"https:\/\/tag-der-restaurierung.ch\/it\/wp-json\/wp\/v2\/pages\/1178\/revisions"}],"wp:attachment":[{"href":"https:\/\/tag-der-restaurierung.ch\/it\/wp-json\/wp\/v2\/media?parent=1178"}],"curies":[{"name":"wp","href":"https:\/\/api.w.org\/{rel}","templated":true}]}}