{"id":2300,"date":"2024-09-18T11:25:25","date_gmt":"2024-09-18T09:25:25","guid":{"rendered":"https:\/\/tag-der-restaurierung.ch\/?page_id=2300"},"modified":"2025-10-06T09:15:47","modified_gmt":"2025-10-06T07:15:47","slug":"cgv","status":"publish","type":"page","link":"https:\/\/tag-der-restaurierung.ch\/fr\/cgv\/","title":{"rendered":"Conditions g\u00e9n\u00e9rales de vente (CGV)"},"content":{"rendered":"<div class=\"et_d4_element et_pb_section et_pb_section_0  et_pb_css_mix_blend_mode et_section_regular et_block_section\" >\n\t\t\t\t\n\t\t\t\t\n\t\t\t\t\n\t\t\t\t\n\t\t\t\t\n\t\t\t\t\n\t\t\t\t<div class=\"et_d4_element et_pb_row et_pb_row_0  et_pb_css_mix_blend_mode et_block_row\">\n\t\t\t\t<div class=\"et_d4_element et_pb_column_4_4 et_pb_column et_pb_column_0  et_pb_css_mix_blend_mode et-last-child et_block_column\">\n\t\t\t\t\n\t\t\t\t\n\t\t\t\t\n\t\t\t\t\n\t\t\t\t<div class=\"et_pb_module et_d4_element et_pb_text et_pb_text_0  et_pb_text_align_left et_pb_bg_layout_light\">\n\t\t\t\t\n\t\t\t\t\n\t\t\t\t\n\t\t\t\t\n\t\t\t\t<div class=\"et_pb_text_inner\"><h1>Conditions g\u00e9n\u00e9rales de vente (CGV)<\/h1>\n<p><strong>1. Responsables<\/strong><\/p>\n<p>Le site www.tag-der-restaurierung.ch est une plateforme o\u00f9 sont publi\u00e9s les \u00e9v\u00e9nements propos\u00e9s lors de la Journ\u00e9e Europ\u00e9enne de la conservation-restauration en Suisse. Il est mis \u00e0 disposition par l\u2019Association suisse de conservation et restauration (SCR)\u00a0 (nomm\u00e9e \u00ab gestionnaire \u00bb ci-apr\u00e8s).<\/p>\n<p>Association suisse de conservation et restauration (SCR)<br \/>Secr\u00e9tariat<br \/>Brunngasse 60<br \/>Case postale<br \/>3000 Berne 8<br \/><a href=\"http:\/\/www.restaurierung.swiss\">www.restaurierung.swiss<\/a>\u00a0<\/p>\n<p>&nbsp;<\/p>\n<p>&nbsp;<\/p>\n<p><strong>2. Champ d\u2019application<\/strong><\/p>\n<p>Les pr\u00e9sentes conditions g\u00e9n\u00e9rales de vente (ci-apr\u00e8s d\u00e9sign\u00e9es par \u00abCGV\u00bb) s\u2019appliquent aux \u00e9v\u00e9nements propos\u00e9s sur le site.<\/p>\n<p>Le gestionnaire <span style=\"font-size: 17px;\">se r\u00e9serve le droit de modifier les CGV \u00e0 tout moment.<\/span><\/p>\n<p><strong>3. Offre<\/strong><\/p>\n<p>L\u2019offre comprend la publication d\u2019\u00e9v\u00e9nements.<\/p>\n<p>L\u2019offre est mise \u00e0 disposition par les organisateurs d\u2019\u00e9v\u00e9nements, qui se sont inscrits comme tels sur le site.<\/p>\n<p>L\u2019offre est valable tant qu\u2019elle appara\u00eet dans le calendrier des \u00e9v\u00e9nements, et le cas \u00e9ch\u00e9ant dans la limite des places disponibles indiqu\u00e9es.<\/p>\n<p><strong>4. Responsabilit\u00e9<\/strong><\/p>\n<p>Les photos ainsi que l\u2019ensemble des informations concernant les \u00e9v\u00e9nements sont publi\u00e9es par les organisateurs d\u2019\u00e9v\u00e9nements. Elles servent d\u2019illustration \u00e0 titre purement indicatif et ne sont pas contractuelles. La responsabilit\u00e9 du SCR ne saurait \u00eatre engag\u00e9e en cas d\u2019erreur dans l\u2019une de ces photographies ou l\u2019un des textes d\u00e9crivant l\u2019\u00e9v\u00e9nement.<\/p>\n<p>\u00a0Le SCR\u00a0 ne saurait \u00eatre tenu pour responsable de l\u2019inex\u00e9cution du contrat conclu en cas de force majeure. La force majeure comporte tous les cas reconnus par la jurisprudence et tout dysfonctionnement du r\u00e9seau Internet, la perturbation notamment des services postaux et \/ ou communications, inondation, incendie, etc.<\/p>\n<p><strong>5. Prix<\/strong><\/p>\n<p>Sauf indication de prix, la participation aux visites est gratuite.<\/p>\n<p><strong>6. Inscription aux \u00e9v\u00e9nements<\/strong><\/p>\n<p>Le SCR ne propose pas de possibilit\u00e9 pour des visiteurs de s\u2019inscrire aux \u00e9v\u00e9nements. Les organisateurs d'\u00e9v\u00e9nement peuvent offrir cette possibilit\u00e9 sous leur propre responsabilit\u00e9.\u00a0<\/p>\n<p><strong>7. Garanties l\u00e9gales et r\u00e9clamation<\/strong><\/p>\n<p>Avant la publication, le SCR s\u2019assure que l\u2019organisateur d\u2019\u00e9v\u00e9nement(s) correspond aux crit\u00e8res de s\u00e9lection. Seuls les \u00e9v\u00e9nements organis\u00e9s par des entreprises et des restaurateurs.trices r\u00e9pondant aux crit\u00e8res d'E.C.C.O. sont accept\u00e9s.<\/p>\n<p><strong>8. Protection des donn\u00e9es<\/strong><\/p>\n<p>Les donn\u00e9es collect\u00e9es lors de l\u2019inscription sont enregistr\u00e9es dans le syst\u00e8me de gestion des \u00e9v\u00e9nements, g\u00e9r\u00e9 par l\u2019application WordPress The Events Calendar.\u00a0<\/p>\n<p>Toutes les donn\u00e9es \u00e0 caract\u00e8re personnel sont trait\u00e9es de mani\u00e8re strictement confidentielle et ne sont pas communiqu\u00e9es \u00e0 des tiers. Le gestionnaire respecte la r\u00e9glementation en vigueur en mati\u00e8re de protection des donn\u00e9es et s\u00e9curisent les donn\u00e9es clients contre tout acc\u00e8s non autoris\u00e9 par des tiers.<\/p>\n<p>Le syst\u00e8me d\u2019inscription est crypt\u00e9e gr\u00e2ce \u00e0 SSL (Secure Socket Layer), ce qui signifie que toutes les donn\u00e9es des organisateurs sont transmises de mani\u00e8re s\u00e9curis\u00e9e.<\/p>\n<p>Des informations d\u00e9taill\u00e9es sont disponibles dans le document de politique de confidentialit\u00e9:\u00a0<a href=\"https:\/\/tag-der-restaurierung.ch\/datenschutz\">https:\/\/tag-der-restaurierung.ch\/datenschutz<\/a>\u00a0<\/p>\n<p><strong>9. Droit applicable et for juridique<\/strong><\/p>\n<p>Le droit applicable est le droit Suisse, et tout litige sera trait\u00e9 par le Tribunal r\u00e9gional de Berne.<\/p>\n<p>Berne, le 6.10.2025<\/p><\/div>\n\t\t\t<\/div>\n\t\t\t<\/div>\n\t\t\t\t\n\t\t\t\t\n\t\t\t\t\n\t\t\t\t\n\t\t\t<\/div>\n\t\t\t\t\n\t\t\t\t\n\t\t\t<\/div>\n","protected":false},"excerpt":{"rendered":"","protected":false},"author":1,"featured_media":0,"parent":0,"menu_order":0,"comment_status":"closed","ping_status":"closed","template":"","meta":{"_et_pb_use_builder":"on","_et_pb_old_content":"","_et_gb_content_width":"","footnotes":""},"class_list":["post-2300","page","type-page","status-publish","hentry"],"yoast_head":"<!-- This site is optimized with the Yoast SEO plugin v27.3 - https:\/\/yoast.com\/product\/yoast-seo-wordpress\/ -->\n<title>Conditions g\u00e9n\u00e9rales de vente (CGV) - Europ\u00e4ischer Tag der Restaurierung \/ Journ\u00e9e europ\u00e9enne de la conservation-restauration \/ Giornata Europea del Restauro<\/title>\n<meta name=\"robots\" content=\"index, follow, max-snippet:-1, max-image-preview:large, max-video-preview:-1\" \/>\n<link rel=\"canonical\" href=\"https:\/\/tag-der-restaurierung.ch\/fr\/cgv\/\" \/>\n<meta property=\"og:locale\" content=\"fr_FR\" \/>\n<meta property=\"og:type\" content=\"article\" \/>\n<meta property=\"og:title\" content=\"Conditions g\u00e9n\u00e9rales de vente (CGV) - Europ\u00e4ischer Tag der Restaurierung \/ Journ\u00e9e europ\u00e9enne de la conservation-restauration \/ Giornata Europea del Restauro\" \/>\n<meta property=\"og:url\" content=\"https:\/\/tag-der-restaurierung.ch\/fr\/cgv\/\" \/>\n<meta property=\"og:site_name\" content=\"Europ\u00e4ischer Tag der Restaurierung \/ Journ\u00e9e europ\u00e9enne de la conservation-restauration \/ Giornata Europea del Restauro\" \/>\n<meta property=\"article:publisher\" content=\"https:\/\/www.facebook.com\/tag.der.restaurierung.ch\" \/>\n<meta property=\"article:modified_time\" content=\"2025-10-06T07:15:47+00:00\" \/>\n<meta property=\"og:image\" content=\"https:\/\/tag-der-restaurierung.ch\/wp-content\/uploads\/2025\/02\/TDR_Logo_RGB_3SPRACHIG-1000px.png\" \/>\n\t<meta property=\"og:image:width\" content=\"1000\" \/>\n\t<meta property=\"og:image:height\" content=\"220\" \/>\n\t<meta property=\"og:image:type\" content=\"image\/png\" \/>\n<meta name=\"twitter:card\" content=\"summary_large_image\" \/>\n<meta name=\"twitter:label1\" content=\"Dur\u00e9e de lecture estim\u00e9e\" \/>\n\t<meta name=\"twitter:data1\" content=\"4 minutes\" \/>\n<script type=\"application\/ld+json\" class=\"yoast-schema-graph\">{\"@context\":\"https:\\\/\\\/schema.org\",\"@graph\":[{\"@type\":\"WebPage\",\"@id\":\"https:\\\/\\\/tag-der-restaurierung.ch\\\/fr\\\/cgv\\\/\",\"url\":\"https:\\\/\\\/tag-der-restaurierung.ch\\\/fr\\\/cgv\\\/\",\"name\":\"Conditions g\u00e9n\u00e9rales de vente (CGV) - Europ\u00e4ischer Tag der Restaurierung \\\/ Journ\u00e9e europ\u00e9enne de la conservation-restauration \\\/ Giornata Europea del Restauro\",\"isPartOf\":{\"@id\":\"https:\\\/\\\/tag-der-restaurierung.ch\\\/fr\\\/#website\"},\"datePublished\":\"2024-09-18T09:25:25+00:00\",\"dateModified\":\"2025-10-06T07:15:47+00:00\",\"breadcrumb\":{\"@id\":\"https:\\\/\\\/tag-der-restaurierung.ch\\\/fr\\\/cgv\\\/#breadcrumb\"},\"inLanguage\":\"fr-FR\",\"potentialAction\":[{\"@type\":\"ReadAction\",\"target\":[\"https:\\\/\\\/tag-der-restaurierung.ch\\\/fr\\\/cgv\\\/\"]}]},{\"@type\":\"BreadcrumbList\",\"@id\":\"https:\\\/\\\/tag-der-restaurierung.ch\\\/fr\\\/cgv\\\/#breadcrumb\",\"itemListElement\":[{\"@type\":\"ListItem\",\"position\":1,\"name\":\"Startseite\",\"item\":\"https:\\\/\\\/tag-der-restaurierung.ch\\\/fr\\\/home\\\/\"},{\"@type\":\"ListItem\",\"position\":2,\"name\":\"Conditions g\u00e9n\u00e9rales de vente (CGV)\"}]},{\"@type\":\"WebSite\",\"@id\":\"https:\\\/\\\/tag-der-restaurierung.ch\\\/fr\\\/#website\",\"url\":\"https:\\\/\\\/tag-der-restaurierung.ch\\\/fr\\\/\",\"name\":\"Europ\u00e4ischer Tag der Restaurierung \\\/ Journ\u00e9e europ\u00e9enne de la conservation-restauration \\\/ Giornata Europea del Restauro\",\"description\":\"am 18. Oktober 2026 in der Schweiz\",\"publisher\":{\"@id\":\"https:\\\/\\\/tag-der-restaurierung.ch\\\/fr\\\/#organization\"},\"potentialAction\":[{\"@type\":\"SearchAction\",\"target\":{\"@type\":\"EntryPoint\",\"urlTemplate\":\"https:\\\/\\\/tag-der-restaurierung.ch\\\/fr\\\/?s={search_term_string}\"},\"query-input\":{\"@type\":\"PropertyValueSpecification\",\"valueRequired\":true,\"valueName\":\"search_term_string\"}}],\"inLanguage\":\"fr-FR\"},{\"@type\":\"Organization\",\"@id\":\"https:\\\/\\\/tag-der-restaurierung.ch\\\/fr\\\/#organization\",\"name\":\"Schweizer Verband f\u00fcr Konservierung und Restaurierung\",\"url\":\"https:\\\/\\\/tag-der-restaurierung.ch\\\/fr\\\/\",\"logo\":{\"@type\":\"ImageObject\",\"inLanguage\":\"fr-FR\",\"@id\":\"https:\\\/\\\/tag-der-restaurierung.ch\\\/fr\\\/#\\\/schema\\\/logo\\\/image\\\/\",\"url\":\"https:\\\/\\\/tag-der-restaurierung.ch\\\/wp-content\\\/uploads\\\/2022\\\/06\\\/SKR-Logo-footer.png\",\"contentUrl\":\"https:\\\/\\\/tag-der-restaurierung.ch\\\/wp-content\\\/uploads\\\/2022\\\/06\\\/SKR-Logo-footer.png\",\"width\":200,\"height\":78,\"caption\":\"Schweizer Verband f\u00fcr Konservierung und Restaurierung\"},\"image\":{\"@id\":\"https:\\\/\\\/tag-der-restaurierung.ch\\\/fr\\\/#\\\/schema\\\/logo\\\/image\\\/\"},\"sameAs\":[\"https:\\\/\\\/www.facebook.com\\\/tag.der.restaurierung.ch\"]}]}<\/script>\n<!-- \/ Yoast SEO plugin. -->","yoast_head_json":{"title":"Conditions g\u00e9n\u00e9rales de vente (CGV) - Europ\u00e4ischer Tag der Restaurierung \/ Journ\u00e9e europ\u00e9enne de la conservation-restauration \/ Giornata Europea del Restauro","robots":{"index":"index","follow":"follow","max-snippet":"max-snippet:-1","max-image-preview":"max-image-preview:large","max-video-preview":"max-video-preview:-1"},"canonical":"https:\/\/tag-der-restaurierung.ch\/fr\/cgv\/","og_locale":"fr_FR","og_type":"article","og_title":"Conditions g\u00e9n\u00e9rales de vente (CGV) - Europ\u00e4ischer Tag der Restaurierung \/ Journ\u00e9e europ\u00e9enne de la conservation-restauration \/ Giornata Europea del Restauro","og_url":"https:\/\/tag-der-restaurierung.ch\/fr\/cgv\/","og_site_name":"Europ\u00e4ischer Tag der Restaurierung \/ Journ\u00e9e europ\u00e9enne de la conservation-restauration \/ Giornata Europea del Restauro","article_publisher":"https:\/\/www.facebook.com\/tag.der.restaurierung.ch","article_modified_time":"2025-10-06T07:15:47+00:00","og_image":[{"width":1000,"height":220,"url":"https:\/\/tag-der-restaurierung.ch\/wp-content\/uploads\/2025\/02\/TDR_Logo_RGB_3SPRACHIG-1000px.png","type":"image\/png"}],"twitter_card":"summary_large_image","twitter_misc":{"Dur\u00e9e de lecture estim\u00e9e":"4 minutes"},"schema":{"@context":"https:\/\/schema.org","@graph":[{"@type":"WebPage","@id":"https:\/\/tag-der-restaurierung.ch\/fr\/cgv\/","url":"https:\/\/tag-der-restaurierung.ch\/fr\/cgv\/","name":"Conditions g\u00e9n\u00e9rales de vente (CGV) - Europ\u00e4ischer Tag der Restaurierung \/ Journ\u00e9e europ\u00e9enne de la conservation-restauration \/ Giornata Europea del Restauro","isPartOf":{"@id":"https:\/\/tag-der-restaurierung.ch\/fr\/#website"},"datePublished":"2024-09-18T09:25:25+00:00","dateModified":"2025-10-06T07:15:47+00:00","breadcrumb":{"@id":"https:\/\/tag-der-restaurierung.ch\/fr\/cgv\/#breadcrumb"},"inLanguage":"fr-FR","potentialAction":[{"@type":"ReadAction","target":["https:\/\/tag-der-restaurierung.ch\/fr\/cgv\/"]}]},{"@type":"BreadcrumbList","@id":"https:\/\/tag-der-restaurierung.ch\/fr\/cgv\/#breadcrumb","itemListElement":[{"@type":"ListItem","position":1,"name":"Startseite","item":"https:\/\/tag-der-restaurierung.ch\/fr\/home\/"},{"@type":"ListItem","position":2,"name":"Conditions g\u00e9n\u00e9rales de vente (CGV)"}]},{"@type":"WebSite","@id":"https:\/\/tag-der-restaurierung.ch\/fr\/#website","url":"https:\/\/tag-der-restaurierung.ch\/fr\/","name":"Europ\u00e4ischer Tag der Restaurierung \/ Journ\u00e9e europ\u00e9enne de la conservation-restauration \/ Giornata Europea del Restauro","description":"am 18. Oktober 2026 in der Schweiz","publisher":{"@id":"https:\/\/tag-der-restaurierung.ch\/fr\/#organization"},"potentialAction":[{"@type":"SearchAction","target":{"@type":"EntryPoint","urlTemplate":"https:\/\/tag-der-restaurierung.ch\/fr\/?s={search_term_string}"},"query-input":{"@type":"PropertyValueSpecification","valueRequired":true,"valueName":"search_term_string"}}],"inLanguage":"fr-FR"},{"@type":"Organization","@id":"https:\/\/tag-der-restaurierung.ch\/fr\/#organization","name":"Schweizer Verband f\u00fcr Konservierung und Restaurierung","url":"https:\/\/tag-der-restaurierung.ch\/fr\/","logo":{"@type":"ImageObject","inLanguage":"fr-FR","@id":"https:\/\/tag-der-restaurierung.ch\/fr\/#\/schema\/logo\/image\/","url":"https:\/\/tag-der-restaurierung.ch\/wp-content\/uploads\/2022\/06\/SKR-Logo-footer.png","contentUrl":"https:\/\/tag-der-restaurierung.ch\/wp-content\/uploads\/2022\/06\/SKR-Logo-footer.png","width":200,"height":78,"caption":"Schweizer Verband f\u00fcr Konservierung und Restaurierung"},"image":{"@id":"https:\/\/tag-der-restaurierung.ch\/fr\/#\/schema\/logo\/image\/"},"sameAs":["https:\/\/www.facebook.com\/tag.der.restaurierung.ch"]}]}},"_links":{"self":[{"href":"https:\/\/tag-der-restaurierung.ch\/fr\/wp-json\/wp\/v2\/pages\/2300","targetHints":{"allow":["GET"]}}],"collection":[{"href":"https:\/\/tag-der-restaurierung.ch\/fr\/wp-json\/wp\/v2\/pages"}],"about":[{"href":"https:\/\/tag-der-restaurierung.ch\/fr\/wp-json\/wp\/v2\/types\/page"}],"author":[{"embeddable":true,"href":"https:\/\/tag-der-restaurierung.ch\/fr\/wp-json\/wp\/v2\/users\/1"}],"replies":[{"embeddable":true,"href":"https:\/\/tag-der-restaurierung.ch\/fr\/wp-json\/wp\/v2\/comments?post=2300"}],"version-history":[{"count":0,"href":"https:\/\/tag-der-restaurierung.ch\/fr\/wp-json\/wp\/v2\/pages\/2300\/revisions"}],"wp:attachment":[{"href":"https:\/\/tag-der-restaurierung.ch\/fr\/wp-json\/wp\/v2\/media?parent=2300"}],"curies":[{"name":"wp","href":"https:\/\/api.w.org\/{rel}","templated":true}]}}